{"id":797,"date":"2021-02-20T20:29:02","date_gmt":"2021-02-20T19:29:02","guid":{"rendered":"https:\/\/www.miotio.de\/start-en\/"},"modified":"2025-08-30T14:41:51","modified_gmt":"2025-08-30T12:41:51","slug":"home","status":"publish","type":"page","link":"https:\/\/www.miotio.de\/en\/","title":{"rendered":"Home"},"content":{"rendered":"<div id=\"cs-content\" class=\"cs-content\"><div class=\"x-section e797-e1 mm5-0 mm5-1 mm5-2 mm5-3\"><div class=\"x-bg\" aria-hidden=\"true\"><div class=\"x-bg-layer-lower-image\" data-x-element-bg-layer=\"{&quot;parallaxSize&quot;:&quot;170%&quot;,&quot;parallaxDir&quot;:&quot;v&quot;,&quot;parallaxRev&quot;:false}\"><\/div><\/div><div class=\"x-row x-container max width e797-e2 mm5-a mm5-b mm5-c mm5-d mm5-e mm5-m mm5-n\"><div class=\"x-row-inner\"><div class=\"x-col e797-e3 mm5-u mm5-v mm5-w mm5-x mm5-y\"><blockquote class=\"x-quote e797-e4 mm5-17\"><div class=\"x-quote-content\"><div class=\"x-quote-text\">You don\u2019t have to know everything.<br \/><strong>You just need to know the right person to ask.<\/strong><\/div><footer class=\"x-quote-cite\"><span class=\"x-quote-cite-text\">\u2013 loosely inspired by A. Einstein \u2013<\/span><\/footer><\/div><\/blockquote><\/div><\/div><\/div><\/div><div class=\"x-section e797-e5 mm5-0 mm5-4 mm5-5\"><div class=\"x-row x-container max width e797-e6 mm5-a mm5-b mm5-c mm5-e mm5-f mm5-g mm5-m mm5-o\"><div class=\"x-row-inner\"><div class=\"x-col e797-e7 mm5-x mm5-y mm5-z\"><div class=\"x-text x-content e797-e8 mm5-18 mm5-19 mm5-1a mm5-1b mm5-1c\"><p>Hello and welcome!<br \/>\nI\u2019m Mirco, your <strong>freelancer<\/strong> for <strong>WordPress websites<\/strong>&nbsp;and&nbsp;<strong>photography<\/strong>.<\/p><\/div><\/div><\/div><\/div><\/div><div class=\"x-section e797-e9 mm5-0 mm5-2 mm5-5 mm5-6\"><div class=\"x-row x-container max width e797-e10 mm5-a mm5-b mm5-c mm5-f mm5-h mm5-i mm5-p mm5-q\"><div class=\"x-row-inner\"><div class=\"x-col e797-e11 mm5-u mm5-v mm5-x mm5-y mm5-z mm5-10 mm5-11\"><div class=\"x-div e797-e12 mm5-1m\"><div class=\"x-text x-text-headline e797-e13 mm5-1n mm5-1o\"><div class=\"x-text-content\"><div class=\"x-text-content-text\"><h1 class=\"x-text-content-text-primary\"><strong>Websites<\/strong> for small budgets<\/h1>\n<\/div><\/div><\/div><div class=\"x-text x-content e797-e14 mm5-19 mm5-1a mm5-1c mm5-1d mm5-1e mm5-1f mm5-1g mm5-1h\">From simple \u201conline business cards\u201d to <strong>landing pages<\/strong> and even <strong>larger-scale projects<\/strong>, I create websites for you or your clients.<\/div><div class=\"x-text x-content e797-e15 mm5-19 mm5-1a mm5-1c mm5-1d mm5-1e mm5-1f mm5-1g mm5-1h\">With the help of <strong>WordPress<\/strong>\u2014a long-established, highly popular, and easy-to-use <strong>content management system<\/strong>\u2014I turn my clients\u2019 layouts and ideas into fully functional websites. Naturally, they meet today\u2019s <strong>SEO<\/strong> (search engine optimization) standards and are both <strong>responsive<\/strong> (mobile-friendly) and <strong>adaptive<\/strong> (content and layout adjust to different screen resolutions). In other words, they work just as well on smartphones and tablets as they do on large displays.<\/div><\/div><a class=\"x-anchor x-anchor-button has-graphic x-hide-lg x-hide-md x-hide-sm x-hide-xs e797-e16 mm5-1q mm5-1r mm5-1s\" tabindex=\"0\" href=\"\/en\/websites\/\"><div class=\"x-anchor-content\"><span class=\"x-graphic\" aria-hidden=\"true\"><i class=\"x-icon x-graphic-child x-graphic-icon x-graphic-primary\" aria-hidden=\"true\" data-x-icon-s=\"&#xf35a;\"><\/i><i class=\"x-icon x-graphic-child x-graphic-icon x-graphic-secondary\" aria-hidden=\"true\" data-x-icon-o=\"&#xf35a;\"><\/i><\/span><div class=\"x-anchor-text\"><span class=\"x-anchor-text-primary\">Discover more<\/span><\/div><\/div><\/a><\/div><div class=\"x-col e797-e17 mm5-u mm5-v mm5-x mm5-z mm5-12 mm5-13 mm5-14 mm5-8\"><ul class=\"x-row e797-e18 mm5-a mm5-b mm5-f mm5-j mm5-r\"><div class=\"x-row-inner\"><li class=\"x-col e797-e19 mm5-u mm5-x mm5-z mm5-12 mm5-15\"><figure class=\"x-div e797-e20 mm5-1m\"><i class=\"x-icon e797-e21 mm5-1v mm5-1w\" aria-hidden=\"true\" data-x-icon-b=\"&#xf19a;\"><\/i><\/figure><div class=\"x-div e797-e22 mm5-1m\"><div class=\"x-text x-content e797-e23 mm5-19 mm5-1a mm5-1d mm5-1h mm5-1i\">WordPress CMS<\/div><\/div><i class=\"x-icon e797-e24 mm5-1v mm5-1x\" aria-hidden=\"true\" data-x-icon-s=\"&#xf00c;\"><\/i><\/li><li class=\"x-col e797-e25 mm5-u mm5-x mm5-z mm5-12 mm5-15\"><figure class=\"x-div e797-e26 mm5-1m\"><i class=\"x-icon e797-e27 mm5-1v mm5-1w\" aria-hidden=\"true\" data-x-icon-s=\"&#xf649;\"><\/i><\/figure><div class=\"x-div e797-e28 mm5-1m\"><div class=\"x-text x-content e797-e29 mm5-19 mm5-1a mm5-1d mm5-1h mm5-1i\">Landingpages<\/div><\/div><i class=\"x-icon e797-e30 mm5-1v mm5-1x\" aria-hidden=\"true\" data-x-icon-s=\"&#xf00c;\"><\/i><\/li><li class=\"x-col e797-e31 mm5-u mm5-x mm5-z mm5-12 mm5-15\"><figure class=\"x-div e797-e32 mm5-1m\"><i class=\"x-icon e797-e33 mm5-1v mm5-1w\" aria-hidden=\"true\" data-x-icon-s=\"&#xf37e;\"><\/i><\/figure><div class=\"x-div e797-e34 mm5-1m\"><div class=\"x-text x-content e797-e35 mm5-19 mm5-1a mm5-1d mm5-1h mm5-1i\">Simple Websites<\/div><\/div><i class=\"x-icon e797-e36 mm5-1v mm5-1x\" aria-hidden=\"true\" data-x-icon-s=\"&#xf00c;\"><\/i><\/li><li class=\"x-col e797-e37 mm5-u mm5-x mm5-z mm5-12 mm5-15\"><figure class=\"x-div e797-e38 mm5-1m\"><i class=\"x-icon e797-e39 mm5-1v mm5-1w\" aria-hidden=\"true\" data-x-icon-s=\"&#xf847;\"><\/i><\/figure><div class=\"x-div e797-e40 mm5-1m\"><div class=\"x-text x-content e797-e41 mm5-19 mm5-1a mm5-1d mm5-1h mm5-1i\">Advanced Websites & Online Stores<\/div><\/div><i class=\"x-icon e797-e42 mm5-1v mm5-1x\" aria-hidden=\"true\" data-x-icon-s=\"&#xf00c;\"><\/i><\/li><li class=\"x-col e797-e43 mm5-u mm5-x mm5-z mm5-12 mm5-15\"><figure class=\"x-div e797-e44 mm5-1m\"><i class=\"x-icon e797-e45 mm5-1v mm5-1w\" aria-hidden=\"true\" data-x-icon-s=\"&#xf3cf;\"><\/i><\/figure><div class=\"x-div e797-e46 mm5-1m\"><div class=\"x-text x-content e797-e47 mm5-19 mm5-1a mm5-1d mm5-1i mm5-1j\">Responsive \/ Adaptive<\/div><\/div><i class=\"x-icon e797-e48 mm5-1v mm5-1x\" aria-hidden=\"true\" data-x-icon-s=\"&#xf00c;\"><\/i><\/li><li class=\"x-col e797-e49 mm5-u mm5-x mm5-z mm5-12 mm5-15\"><figure class=\"x-div e797-e50 mm5-1m\"><i class=\"x-icon e797-e51 mm5-1v mm5-1w\" aria-hidden=\"true\" data-x-icon-s=\"&#xf002;\"><\/i><\/figure><div class=\"x-div e797-e52 mm5-1m\"><div class=\"x-text x-content e797-e53 mm5-19 mm5-1a mm5-1d mm5-1i mm5-1j\">SEO ready<\/div><\/div><i class=\"x-icon e797-e54 mm5-1v mm5-1x\" aria-hidden=\"true\" data-x-icon-s=\"&#xf00c;\"><\/i><\/li><li class=\"x-col e797-e55 mm5-u mm5-x mm5-z mm5-12 mm5-15\"><figure class=\"x-div e797-e56 mm5-1m\"><i class=\"x-icon e797-e57 mm5-1v mm5-1w\" aria-hidden=\"true\" data-x-icon-s=\"&#xf709;\"><\/i><\/figure><div class=\"x-div e797-e58 mm5-1m\"><div class=\"x-text x-content e797-e59 mm5-19 mm5-1a mm5-1d mm5-1i mm5-1j\">PageSpeed Optimization<\/div><\/div><i class=\"x-icon e797-e60 mm5-1v mm5-1x\" aria-hidden=\"true\" data-x-icon-s=\"&#xf00c;\"><\/i><\/li><li class=\"x-col e797-e61 mm5-u mm5-x mm5-z mm5-12 mm5-15\"><figure class=\"x-div e797-e62 mm5-1m\"><i class=\"x-icon e797-e63 mm5-1v mm5-1w\" aria-hidden=\"true\" data-x-icon-s=\"&#xf30d;\"><\/i><\/figure><div class=\"x-div e797-e64 mm5-1m\"><div class=\"x-text x-content e797-e65 mm5-19 mm5-1a mm5-1d mm5-1i mm5-1j\">Security<\/div><\/div><i class=\"x-icon e797-e66 mm5-1v mm5-1x\" aria-hidden=\"true\" data-x-icon-s=\"&#xf00c;\"><\/i><\/li><\/div><\/ul><\/div><\/div><\/div><div class=\"x-row x-container max width x-hide-xl e797-e67 mm5-a mm5-c mm5-e mm5-f mm5-g mm5-k mm5-m mm5-s\"><div class=\"x-row-inner\"><div class=\"x-col e797-e68 mm5-u mm5-v mm5-x mm5-y mm5-z mm5-11 mm5-12\"><a class=\"x-anchor x-anchor-button has-graphic e797-e69 mm5-1q mm5-1r mm5-1t\" tabindex=\"0\" href=\"\/websites\/\"><div class=\"x-anchor-content\"><span class=\"x-graphic\" aria-hidden=\"true\"><i class=\"x-icon x-graphic-child x-graphic-icon x-graphic-primary\" aria-hidden=\"true\" data-x-icon-s=\"&#xf35a;\"><\/i><i class=\"x-icon x-graphic-child x-graphic-icon x-graphic-secondary\" aria-hidden=\"true\" data-x-icon-o=\"&#xf35a;\"><\/i><\/span><div class=\"x-anchor-text\"><span class=\"x-anchor-text-primary\">Weiterlesen<\/span><\/div><\/div><\/a><\/div><\/div><\/div><\/div><div class=\"x-section e797-e70 mm5-0 mm5-2 mm5-3 mm5-7 mm5-9\"><div class=\"x-row x-container max width e797-e71 mm5-a mm5-b mm5-c mm5-f mm5-i mm5-l mm5-p mm5-t\"><div class=\"x-row-inner\"><div class=\"x-col e797-e72 mm5-u mm5-v mm5-x mm5-z mm5-11 mm5-13 mm5-16\"><div class=\"x-bg\" aria-hidden=\"true\"><div class=\"x-bg-layer-lower-image\"><\/div><\/div><hr class=\"x-line e797-e73 mm5-1y mm5-1z\"\/><hr class=\"x-line x-hide-lg x-hide-md x-hide-xl e797-e74 mm5-1z mm5-20\"\/><hr class=\"x-line x-hide-lg x-hide-xl e797-e75 mm5-1z mm5-20\"\/><\/div><div class=\"x-col e797-e76 mm5-u mm5-v mm5-x mm5-y mm5-z mm5-10 mm5-11\"><div class=\"x-div e797-e77 mm5-1m\"><div class=\"x-text x-text-headline e797-e78 mm5-1n mm5-1p\"><div class=\"x-text-content\"><div class=\"x-text-content-text\"><h2 class=\"x-text-content-text-primary\"><strong>Photography<\/strong> for your website<br \/>or simply because it\u2019s fun<br \/>to be in front of or behind the camera<\/h2>\n<\/div><\/div><\/div><div class=\"x-text x-content e797-e79 mm5-19 mm5-1a mm5-1c mm5-1d mm5-1f mm5-1g mm5-1j mm5-1k\"><p>Since most websites don\u2019t look very appealing without images, I turned my hobby as a <strong>photographer<\/strong> into a second profession a few years ago and added <strong>portraits<\/strong>, <strong>corporate and medical photography<\/strong>, and <strong>product photography<\/strong> to my portfolio.<\/p>\n<p>I also enjoy photographing <strong>lifestyle<\/strong> and <strong>editorials<\/strong>.<\/p><\/div><\/div><div class=\"x-text x-content x-hide-lg x-hide-md x-hide-sm x-hide-xl x-hide-xs e797-e80 mm5-18 mm5-19 mm5-1c mm5-1g mm5-1l\">Sie k\u00f6nnen mich f\u00fcr ein <strong>Foto-Shooting<\/strong>, egal ob bei Ihnen, in einem <strong>Mietstudio<\/strong> oder in einer anderen Location Ihrer Wahl buchen. F\u00fcr gr\u00f6\u00dfere Shootings leihe ich mir Equipment aus (z.B. eine h\u00f6her aufl\u00f6sende Kamera und eine Blitzanlage), wenn es die Motive erfordern. Ansonsten komme ich mit meiner kleinen mobilen Studiotechnik vorbei. So bleibe ich <strong>flexibel<\/strong> und stelle sicher, dass immer die besten Ergebnisse in der jeweiligen Situation entstehen.<\/div><a class=\"x-anchor x-anchor-button has-graphic e797-e81 mm5-1q mm5-1s mm5-1u\" tabindex=\"0\" href=\"\/en\/photography\/\"><div class=\"x-anchor-content\"><span class=\"x-graphic\" aria-hidden=\"true\"><i class=\"x-icon x-graphic-child x-graphic-icon x-graphic-primary\" aria-hidden=\"true\" data-x-icon-s=\"&#xf35a;\"><\/i><i class=\"x-icon x-graphic-child x-graphic-icon x-graphic-secondary\" aria-hidden=\"true\" data-x-icon-o=\"&#xf35a;\"><\/i><\/span><div class=\"x-anchor-text\"><span class=\"x-anchor-text-primary\">Discover more<\/span><\/div><\/div><\/a><\/div><\/div><\/div><\/div><\/div>","protected":false},"excerpt":{"rendered":"<p>You don\u2019t have to know everything.You just need to know the right person to ask.\u2013 loosely inspired by A. Einstein \u2013Hello and welcome! I\u2019m Mirco, your freelancer for WordPress websites&nbsp;and&nbsp;photography.Websites for small budgets From simple \u201conline business cards\u201d to landing pages and even larger-scale projects, I create websites for you or your clients.With the help of WordPress\u2014a long-established, highly popular, &#8230; <\/p>\n<div><a href=\"https:\/\/www.miotio.de\/en\/\" class=\"more-link\">Read More<\/a><\/div>\n","protected":false},"author":1,"featured_media":0,"parent":0,"menu_order":1,"comment_status":"closed","ping_status":"closed","template":"template-blank-4.php","meta":{"inline_featured_image":false,"footnotes":""},"class_list":["post-797","page","type-page","status-publish","hentry","no-post-thumbnail"],"aioseo_notices":[],"_links":{"self":[{"href":"https:\/\/www.miotio.de\/en\/wp-json\/wp\/v2\/pages\/797","targetHints":{"allow":["GET"]}}],"collection":[{"href":"https:\/\/www.miotio.de\/en\/wp-json\/wp\/v2\/pages"}],"about":[{"href":"https:\/\/www.miotio.de\/en\/wp-json\/wp\/v2\/types\/page"}],"author":[{"embeddable":true,"href":"https:\/\/www.miotio.de\/en\/wp-json\/wp\/v2\/users\/1"}],"replies":[{"embeddable":true,"href":"https:\/\/www.miotio.de\/en\/wp-json\/wp\/v2\/comments?post=797"}],"version-history":[{"count":10,"href":"https:\/\/www.miotio.de\/en\/wp-json\/wp\/v2\/pages\/797\/revisions"}],"predecessor-version":[{"id":809,"href":"https:\/\/www.miotio.de\/en\/wp-json\/wp\/v2\/pages\/797\/revisions\/809"}],"wp:attachment":[{"href":"https:\/\/www.miotio.de\/en\/wp-json\/wp\/v2\/media?parent=797"}],"curies":[{"name":"wp","href":"https:\/\/api.w.org\/{rel}","templated":true}]}}